{"id":3,"date":"2026-02-26T21:43:26","date_gmt":"2026-02-26T20:43:26","guid":{"rendered":"https:\/\/preggnant.com\/goldrausch\/26_kueseite_\/marie\/?page_id=3"},"modified":"2026-03-29T22:34:37","modified_gmt":"2026-03-29T20:34:37","slug":"privacy-policy","status":"publish","type":"page","link":"https:\/\/preggnant.com\/goldrausch\/26_kueseite_\/marie\/privacy-policy\/","title":{"rendered":"privacy policy"},"content":{"rendered":"\n<h2 class=\"wp-block-heading\">Wer wir sind<\/h2>\n\n\n<p><strong class=\"privacy-policy-tutorial\">Textvorschlag: <\/strong>Die Adresse unserer Website ist: https:\/\/preggnant.com\/goldrausch\/26_kueseite_\/marie.<\/p>\n\n\n<h2 class=\"wp-block-heading\">Kommentare<\/h2>\n\n\n<p><strong class=\"privacy-policy-tutorial\">Textvorschlag: <\/strong>Wenn Besucher Kommentare auf der Website schreiben, sammeln wir die Daten, die im Kommentar-Formular angezeigt werden, au\u00dferdem die IP-Adresse des Besuchers und den User-Agent-String (damit wird der Browser identifiziert), um die Erkennung von Spam zu unterst\u00fctzen.<\/p>\n\n\n<p>Aus deiner E-Mail-Adresse kann eine anonymisierte Zeichenfolge erstellt (auch Hash genannt) und dem Gravatar-Dienst \u00fcbergeben werden, um zu pr\u00fcfen, ob du diesen benutzt. Die Datenschutzerkl\u00e4rung des Gravatar-Dienstes findest du hier: https:\/\/automattic.com\/privacy\/. Nachdem dein Kommentar freigegeben wurde, ist dein Profilbild \u00f6ffentlich im Kontext deines Kommentars sichtbar.<\/p>\n\n\n<h2 class=\"wp-block-heading\">Medien<\/h2>\n\n\n<p><strong class=\"privacy-policy-tutorial\">Textvorschlag: <\/strong>Wenn du ein registrierter Benutzer bist und Fotos auf diese Website l\u00e4dst, solltest du vermeiden, Fotos mit einem EXIF-GPS-Standort hochzuladen. Besucher dieser Website k\u00f6nnten Fotos, die auf dieser Website gespeichert sind, herunterladen und deren Standort-Informationen extrahieren.<\/p>\n\n\n<h2 class=\"wp-block-heading\">Cookies<\/h2>\n\n\n<p><strong class=\"privacy-policy-tutorial\">Textvorschlag: <\/strong>Wenn du einen Kommentar auf unserer Website schreibst, kann das eine Einwilligung sein, deinen Namen, E-Mail-Adresse und Website in Cookies zu speichern. Dies ist eine Komfortfunktion, damit du nicht, wenn du einen weiteren Kommentar schreibst, all diese Daten erneut eingeben musst. Diese Cookies werden ein Jahr lang gespeichert.<\/p>\n\n\n<p>Falls du ein Konto hast und dich auf dieser Website anmeldest, werden wir ein tempor\u00e4res Cookie setzen, um festzustellen, ob dein Browser Cookies akzeptiert. Dieses Cookie enth\u00e4lt keine personenbezogenen Daten und wird verworfen, wenn du deinen Browser schlie\u00dft.<\/p>\n\n\n<p>Wenn du dich anmeldest, werden wir einige Cookies einrichten, um deine Anmeldeinformationen und Anzeigeoptionen zu speichern. Anmelde-Cookies verfallen nach zwei Tagen und Cookies f\u00fcr die Anzeigeoptionen nach einem Jahr. Falls du bei der Anmeldung \u201eAngemeldet bleiben\u201c ausw\u00e4hlst, wird deine Anmeldung zwei Wochen lang aufrechterhalten. Mit der Abmeldung aus deinem Konto werden die Anmelde-Cookies gel\u00f6scht.<\/p>\n\n\n<p>Wenn du einen Artikel bearbeitest oder ver\u00f6ffentlichst, wird ein zus\u00e4tzlicher Cookie in deinem Browser gespeichert. Dieser Cookie enth\u00e4lt keine personenbezogenen Daten und verweist nur auf die Beitrags-ID des Artikels, den du gerade bearbeitet hast. Der Cookie verf\u00e4llt nach einem Tag.<\/p>\n\n\n<h2 class=\"wp-block-heading\">Eingebettete Inhalte von anderen Websites<\/h2>\n\n\n<p><strong class=\"privacy-policy-tutorial\">Textvorschlag: <\/strong>Beitr\u00e4ge auf dieser Website k\u00f6nnen eingebettete Inhalte beinhalten (z.\u00a0B. Videos, Bilder, Beitr\u00e4ge etc.). Eingebettete Inhalte von anderen Websites verhalten sich exakt so, als ob der Besucher die andere Website besucht h\u00e4tte.<\/p>\n\n\n<p>Diese Websites k\u00f6nnen Daten \u00fcber dich sammeln, Cookies benutzen, zus\u00e4tzliche Tracking-Dienste von Dritten einbetten und deine Interaktion mit diesem eingebetteten Inhalt aufzeichnen, inklusive deiner Interaktion mit dem eingebetteten Inhalt, falls du ein Konto hast und auf dieser Website angemeldet bist.<\/p>\n\n\n<h2 class=\"wp-block-heading\">Mit wem wir deine Daten teilen<\/h2>\n\n\n<p><strong class=\"privacy-policy-tutorial\">Textvorschlag: <\/strong>Wenn du eine Zur\u00fccksetzung des Passworts beantragst, wird deine IP-Adresse in der E-Mail zur Zur\u00fccksetzung enthalten sein.<\/p>\n\n\n<h2 class=\"wp-block-heading\">Wie lange wir deine Daten speichern<\/h2>\n\n\n<p><strong class=\"privacy-policy-tutorial\">Textvorschlag: <\/strong>Wenn du einen Kommentar schreibst, wird dieser inklusive Metadaten zeitlich unbegrenzt gespeichert. Auf diese Art k\u00f6nnen wir Folgekommentare automatisch erkennen und freigeben, anstatt sie in einer Moderations-Warteschlange festzuhalten.<\/p>\n\n\n<p>F\u00fcr Benutzer, die sich auf unserer Website registrieren, speichern wir zus\u00e4tzlich die pers\u00f6nlichen Informationen, die sie in ihren Benutzerprofilen angeben. Alle Benutzer k\u00f6nnen jederzeit ihre pers\u00f6nlichen Informationen einsehen, ver\u00e4ndern oder l\u00f6schen (der Benutzername kann nicht ver\u00e4ndert werden). Administratoren der Website k\u00f6nnen diese Informationen ebenfalls einsehen und ver\u00e4ndern.<\/p>\n\n\n<h2 class=\"wp-block-heading\">Welche Rechte du an deinen Daten hast<\/h2>\n\n\n<p><strong class=\"privacy-policy-tutorial\">Textvorschlag: <\/strong>Wenn du ein Konto auf dieser Website besitzt oder Kommentare geschrieben hast, kannst du einen Export deiner personenbezogenen Daten bei uns anfordern, inklusive aller Daten, die du uns mitgeteilt hast. Dar\u00fcber hinaus kannst du die L\u00f6schung aller personenbezogenen Daten, die wir von dir gespeichert haben, anfordern. Dies umfasst nicht die Daten, die wir aufgrund administrativer, rechtlicher oder sicherheitsrelevanter Notwendigkeiten aufbewahren m\u00fcssen.<\/p>\n\n\n<h2 class=\"wp-block-heading\">Wohin deine Daten gesendet werden<\/h2>\n\n\n<p><strong class=\"privacy-policy-tutorial\">Textvorschlag: <\/strong>Besucher-Kommentare k\u00f6nnten von einem automatisierten Dienst zur Spam-Erkennung untersucht werden.<\/p>\n\n","protected":false},"excerpt":{"rendered":"<p>Wer wir sind Textvorschlag: Die Adresse unserer Website ist: https:\/\/preggnant.com\/goldrausch\/26_kueseite_\/marie. Kommentare Textvorschlag: Wenn Besucher Kommentare auf der Website schreiben, sammeln wir die Daten, die im Kommentar-Formular angezeigt werden, au\u00dferdem die IP-Adresse des Besuchers und den User-Agent-String (damit wird der Browser identifiziert), um die Erkennung von Spam zu unterst\u00fctzen. Aus deiner E-Mail-Adresse kann eine anonymisierte Zeichenfolge [&hellip;]<\/p>\n","protected":false},"author":1,"featured_media":0,"parent":0,"menu_order":9,"comment_status":"closed","ping_status":"open","template":"","meta":[],"class_list":["post-3","page","type-page","status-publish","hentry"],"grid":"{\"colCount\":31,\"colGutter\":1,\"rowGutters\":[],\"frameMargin\":5,\"leftFrameMargin\":3,\"rightFrameMargin\":3,\"topFrameMargin\":70,\"mus\":{\"colGutterMu\":\"%\",\"rowGutterMu\":\"%\",\"topFrameMu\":\"px\",\"bottomFrameMu\":\"%\",\"frameMu\":\"%\"},\"bottomFrameMargin\":5,\"rowAttrs\":[{\"relid\":1}],\"bgColor\":null,\"bgImage\":null,\"cont\":[{\"type\":\"text\",\"cont\":\"<p>Datenschutzerkl\\u00e4rung<br \/><br \/><strong>1. Datenschutz auf einen Blick<\/strong><\/p>\\n<p><br \/><strong>Allgemeine Hinweise<\/strong><br \/>Die folgenden Hinweise geben einen einfachen \\u00dcberblick daru\\u0308ber, was mit Ihren personenbezogenen Daten<br \/>passiert, wenn Sie diese Website besuchen. Personenbezogene Daten sind alle Daten, mit denen Sie<br \/>pers\\u00f6nlich identifiziert werden k\\u00f6nnen. Ausfu\\u0308hrliche Informationen zum Thema Datenschutz entnehmen<br \/>Sie unserer unter diesem Text aufgefu\\u0308hrten Datenschutzerkl\\u00e4rung.<br \/><strong>Datenerfassung auf dieser Website<\/strong><br \/>Wer ist verantwortlich fu\\u0308r die Datenerfassung auf dieser Website?<br \/>Die Datenverarbeitung auf dieser Website erfolgt durch den Websitebetreiber. Dessen Kontaktdaten<br \/>k\\u00f6nnen Sie dem Abschnitt \\u201eHinweis zur Verantwortlichen Stelle\\u201c in dieser Datenschutzerkl\\u00e4rung entnehmen.<br \/><strong>Wie erfassen wir Ihre Daten?<\/strong><br \/>Ihre Daten werden zum einen dadurch erhoben, dass Sie uns diese mitteilen. Hierbei kann es sich z. B. um<br \/>Daten handeln, die Sie in ein Kontaktformular eingeben.<br \/>Andere Daten werden automatisch oder nach Ihrer Einwilligung beim Besuch der Website durch unsere ITSysteme<br \/>erfasst. Das sind vor allem technische Daten (z. B. Internetbrowser, Betriebssystem oder Uhrzeit<br \/>des Seitenaufrufs). Die Erfassung dieser Daten erfolgt automatisch, sobald Sie diese Website betreten.<br \/><strong>Wofu\\u0308r nutzen wir Ihre Daten?<\/strong><br \/>Ein Teil der Daten wird erhoben, um eine fehlerfreie Bereitstellung der Website zu gew\\u00e4hrleisten. Andere<br \/>Daten k\\u00f6nnen zur Analyse Ihres Nutzerverhaltens verwendet werden. Sofern u\\u0308ber die Website Vertr\\u00e4ge<br \/>geschlossen oder angebahnt werden k\\u00f6nnen, werden die u\\u0308bermittelten Daten auch fu\\u0308r Vertragsangebote,<br \/>Bestellungen oder sonstige Auftragsanfragen verarbeitet.<br \/><strong>Welche Rechte haben Sie bezu\\u0308glich Ihrer Daten?<\/strong><br \/>Sie haben jederzeit das Recht, unentgeltlich Auskunft u\\u0308ber Herkunft, Empf\\u00e4nger und Zweck Ihrer<br \/>gespeicherten personenbezogenen Daten zu erhalten. Sie haben au\\u00dferdem ein Recht, die Berichtigung oder<br \/>L\\u00f6schung dieser Daten zu verlangen. Wenn Sie eine Einwilligung zur Datenverarbeitung erteilt haben,<br \/>k\\u00f6nnen Sie diese Einwilligung jederzeit fu\\u0308r die Zukunft widerrufen. Au\\u00dferdem haben Sie das Recht, unter<br \/>bestimmten Umst\\u00e4nden die Einschr\\u00e4nkung der Verarbeitung Ihrer personenbezogenen Daten zu verlangen.<br \/>Des Weiteren steht Ihnen ein Beschwerderecht bei der zust\\u00e4ndigen Aufsichtsbeh\\u00f6rde zu.<br \/>Hierzu sowie zu weiteren Fragen zum Thema Datenschutz k\\u00f6nnen Sie sich jederzeit an uns wenden.<\/p>\\n<p><br \/><strong>2. Hosting<\/strong><\/p>\\n<p><br \/>Wir hosten die Inhalte unserer Website bei folgendem Anbieter:<br \/><strong>Externes Hosting<\/strong><br \/>Diese Website wird extern gehostet. Die personenbezogenen Daten, die auf dieser Website erfasst werden,<br \/>werden auf den Servern des Hosters \/ der Hoster gespeichert. Hierbei kann es sich v. a. um IP-Adressen,<br \/>Kontaktanfragen, Meta- und Kommunikationsdaten, Vertragsdaten, Kontaktdaten, Namen, Websitezugriffe<br \/>und sonstige Daten, die u\\u0308ber eine Website generiert werden, handeln.<br \/>Das externe Hosting erfolgt zum Zwecke der Vertragserfu\\u0308llung gegenu\\u0308ber unseren potenziellen und<br \/>bestehenden Kunden (Art. 6 Abs. 1 lit. b DSGVO) und im Interesse einer sicheren, schnellen und effizienten<br \/>Bereitstellung unseres Online-Angebots durch einen professionellen Anbieter (Art. 6 Abs. 1 lit. f DSGVO).<br \/>Sofern eine entsprechende Einwilligung abgefragt wurde, erfolgt die Verarbeitung ausschlie\\u00dflich auf<br \/>Grundlage von Art. 6 Abs. 1 lit. a DSGVO und \\u00a7 25 Abs. 1 TDDDG, soweit die Einwilligung die Speicherung<br \/>von Cookies oder den Zugriff auf Informationen im Endger\\u00e4t des Nutzers (z. B. Device-Fingerprinting) im<br \/>Sinne des TDDDG umfasst. Die Einwilligung ist jederzeit widerrufbar.<br \/>Unser(e) Hoster wird bzw. werden Ihre Daten nur insoweit verarbeiten, wie dies zur Erfu\\u0308llung seiner<br \/>Leistungspflichten erforderlich ist und unsere Weisungen in Bezug auf diese Daten befolgen.<br \/>Wir setzen folgende(n) Hoster ein:<br \/>wordpress<\/p>\\n<p><br \/><strong>3. Allgemeine Hinweise und Pflichtinformationen<\/strong><\/p>\\n<p><br \/><strong>Datenschutz<\/strong><br \/>Die Betreiber dieser Seiten nehmen den Schutz Ihrer pers\\u00f6nlichen Daten sehr ernst. Wir behandeln Ihre<br \/>personenbezogenen Daten vertraulich und entsprechend den gesetzlichen Datenschutzvorschriften sowie<br \/>dieser Datenschutzerkl\\u00e4rung.<br \/>Wenn Sie diese Website benutzen, werden verschiedene personenbezogene Daten erhoben.<br \/>Personenbezogene Daten sind Daten, mit denen Sie pers\\u00f6nlich identifiziert werden k\\u00f6nnen. Die vorliegende<br \/>Datenschutzerkl\\u00e4rung erl\\u00e4utert, welche Daten wir erheben und wofu\\u0308r wir sie nutzen. Sie erl\\u00e4utert auch, wie<br \/>und zu welchem Zweck das geschieht.<br \/>Wir weisen darauf hin, dass die Datenu\\u0308bertragung im Internet (z. B. bei der Kommunikation per E-Mail)<br \/>Sicherheitslu\\u0308cken aufweisen kann. Ein lu\\u0308ckenloser Schutz der Daten vor dem Zugriff durch Dritte ist nicht<br \/>m\\u00f6glich.<br \/><strong>Hinweis zur verantwortlichen Stelle<\/strong><br \/>Die verantwortliche Stelle fu\\u0308r die Datenverarbeitung auf dieser Website ist:<br \/><br \/><\/p>\\n<p>Marie Salcedo Horn<br \/>Josef-Orlopp Stra\\u00dfe 92<br \/>10365 Berlin, Germany<br \/>marie.salcedohorn[at]gmx.de<br \/>+49 15774057528<br \/><br \/>Verantwortliche Stelle ist die natu\\u0308rliche oder juristische Person, die allein oder gemeinsam mit anderen u\\u0308ber<br \/>die Zwecke und Mittel der Verarbeitung von personenbezogenen Daten (z. B. Namen, E-Mail-Adressen o. \\u00c4.)<br \/>entscheidet.<br \/><strong>Speicherdauer<\/strong><br \/>Soweit innerhalb dieser Datenschutzerkl\\u00e4rung keine speziellere Speicherdauer genannt wurde, verbleiben<br \/>Ihre personenbezogenen Daten bei uns, bis der Zweck fu\\u0308r die Datenverarbeitung entf\\u00e4llt. Wenn Sie ein<br \/>berechtigtes L\\u00f6schersuchen geltend machen oder eine Einwilligung zur Datenverarbeitung widerrufen,<br \/>werden Ihre Daten gel\\u00f6scht, sofern wir keine anderen rechtlich zul\\u00e4ssigen Gru\\u0308nde fu\\u0308r die Speicherung Ihrer<br \/>personenbezogenen Daten haben (z. B. steuer- oder handelsrechtliche Aufbewahrungsfristen); im<br \/>letztgenannten Fall erfolgt die L\\u00f6schung nach Fortfall dieser Gru\\u0308nde.<br \/><strong>Allgemeine Hinweise zu den Rechtsgrundlagen der Datenverarbeitung auf dieser<\/strong><br \/><strong>Website<\/strong><br \/>Sofern Sie in die Datenverarbeitung eingewilligt haben, verarbeiten wir Ihre personenbezogenen Daten auf<br \/>Grundlage von Art. 6 Abs. 1 lit. a DSGVO bzw. Art. 9 Abs. 2 lit. a DSGVO, sofern besondere Datenkategorien<br \/>nach Art. 9 Abs. 1 DSGVO verarbeitet werden. Im Falle einer ausdru\\u0308cklichen Einwilligung in die \\u00dcbertragung<br \/>personenbezogener Daten in Drittstaaten erfolgt die Datenverarbeitung au\\u00dferdem auf Grundlage von Art.<br \/>49 Abs. 1 lit. a DSGVO. Sofern Sie in die Speicherung von Cookies oder in den Zugriff auf Informationen in<br \/>Ihr Endger\\u00e4t (z. B. via Device-Fingerprinting) eingewilligt haben, erfolgt die Datenverarbeitung zus\\u00e4tzlich<br \/>auf Grundlage von \\u00a7 25 Abs. 1 TDDDG. Die Einwilligung ist jederzeit widerrufbar. Sind Ihre Daten zur<br \/>Vertragserfu\\u0308llung oder zur Durchfu\\u0308hrung vorvertraglicher Ma\\u00dfnahmen erforderlich, verarbeiten wir Ihre<br \/>Daten auf Grundlage des Art. 6 Abs. 1 lit. b DSGVO. Des Weiteren verarbeiten wir Ihre Daten, sofern diese<br \/>zur Erfu\\u0308llung einer rechtlichen Verpflichtung erforderlich sind auf Grundlage von Art. 6 Abs. 1 lit. c DSGVO.<br \/>Die Datenverarbeitung kann ferner auf Grundlage unseres berechtigten Interesses nach Art. 6 Abs. 1 lit. f<br \/>DSGVO erfolgen. \\u00dcber die jeweils im Einzelfall einschl\\u00e4gigen Rechtsgrundlagen wird in den folgenden<br \/>Abs\\u00e4tzen dieser Datenschutzerkl\\u00e4rung informiert.<br \/><strong>Empf\\u00e4nger von personenbezogenen Daten<\/strong><br \/>Im Rahmen unserer Gesch\\u00e4ftst\\u00e4tigkeit arbeiten wir mit verschiedenen externen Stellen zusammen. Dabei<br \/>ist teilweise auch eine \\u00dcbermittlung von personenbezogenen Daten an diese externen Stellen erforderlich.<br \/>Wir geben personenbezogene Daten nur dann an externe Stellen weiter, wenn dies im Rahmen einer<br \/>Vertragserfu\\u0308llung erforderlich ist, wenn wir gesetzlich hierzu verpflichtet sind (z. B. Weitergabe von Daten<br \/>an Steuerbeh\\u00f6rden), wenn wir ein berechtigtes Interesse nach Art. 6 Abs. 1 lit. f DSGVO an der Weitergabe<br \/>haben oder wenn eine sonstige Rechtsgrundlage die Datenweitergabe erlaubt. Beim Einsatz von<br \/>Auftragsverarbeitern geben wir personenbezogene Daten unserer Kunden nur auf Grundlage eines gu\\u0308ltigen<br \/>Vertrags u\\u0308ber Auftragsverarbeitung weiter. Im Falle einer gemeinsamen Verarbeitung wird ein Vertrag u\\u0308ber<br \/>gemeinsame Verarbeitung geschlossen.<br \/><strong>Widerruf Ihrer Einwilligung zur Datenverarbeitung<\/strong><br \/>Viele Datenverarbeitungsvorg\\u00e4nge sind nur mit Ihrer ausdru\\u0308cklichen Einwilligung m\\u00f6glich. Sie k\\u00f6nnen eine<br \/>bereits erteilte Einwilligung jederzeit widerrufen. Die Rechtm\\u00e4\\u00dfigkeit der bis zum Widerruf erfolgten<br \/>Datenverarbeitung bleibt vom Widerruf unberu\\u0308hrt.<br \/><br \/><\/p>\\n<p><strong>Widerspruchsrecht gegen die Datenerhebung in besonderen F\\u00e4llen sowie gegen<\/strong><br \/><strong>Direktwerbung (Art. 21 DSGVO)<\/strong><br \/>WENN DIE DATENVERARBEITUNG AUF GRUNDLAGE VON ART. 6 ABS. 1 LIT. E ODER F DSGVO<br \/>ERFOLGT, HABEN SIE JEDERZEIT DAS RECHT, AUS GR\\u00dcNDEN, DIE SICH AUS IHRER BESONDEREN<br \/>SITUATION ERGEBEN, GEGEN DIE VERARBEITUNG IHRER PERSONENBEZOGENEN DATEN<br \/>WIDERSPRUCH EINZULEGEN; DIES GILT AUCH F\\u00dcR EIN AUF DIESE BESTIMMUNGEN GEST\\u00dcTZTES<br \/>PROFILING. DIE JEWEILIGE RECHTSGRUNDLAGE, AUF DENEN EINE VERARBEITUNG BERUHT,<br \/>ENTNEHMEN SIE DIESER DATENSCHUTZERKL\\u00c4RUNG. WENN SIE WIDERSPRUCH EINLEGEN,<br \/>WERDEN WIR IHRE BETROFFENEN PERSONENBEZOGENEN DATEN NICHT MEHR VERARBEITEN, ES<br \/>SEI DENN, WIR K\\u00d6NNEN ZWINGENDE SCHUTZW\\u00dcRDIGE GR\\u00dcNDE F\\u00dcR DIE VERARBEITUNG<br \/>NACHWEISEN, DIE IHRE INTERESSEN, RECHTE UND FREIHEITEN \\u00dcBERWIEGEN ODER DIE<br \/>VERARBEITUNG DIENT DER GELTENDMACHUNG, AUS\\u00dcBUNG ODER VERTEIDIGUNG VON<br \/>RECHTSANSPR\\u00dcCHEN (WIDERSPRUCH NACH ART. 21 ABS. 1 DSGVO).<br \/>WERDEN IHRE PERSONENBEZOGENEN DATEN VERARBEITET, UM DIREKTWERBUNG ZU BETREIBEN,<br \/>SO HABEN SIE DAS RECHT, JEDERZEIT WIDERSPRUCH GEGEN DIE VERARBEITUNG SIE<br \/>BETREFFENDER PERSONENBEZOGENER DATEN ZUM ZWECKE DERARTIGER WERBUNG<br \/>EINZULEGEN; DIES GILT AUCH F\\u00dcR DAS PROFILING, SOWEIT ES MIT SOLCHER DIREKTWERBUNG IN<br \/>VERBINDUNG STEHT. WENN SIE WIDERSPRECHEN, WERDEN IHRE PERSONENBEZOGENEN DATEN<br \/>ANSCHLIESSEND NICHT MEHR ZUM ZWECKE DER DIREKTWERBUNG VERWENDET (WIDERSPRUCH<br \/>NACH ART. 21 ABS. 2 DSGVO).<br \/><strong>Beschwerderecht bei der zust\\u00e4ndigen Aufsichtsbeh\\u00f6rde<\/strong><br \/>Im Falle von Verst\\u00f6\\u00dfen gegen die DSGVO steht den Betroffenen ein Beschwerderecht bei einer<br \/>Aufsichtsbeh\\u00f6rde, insbesondere in dem Mitgliedstaat ihres gew\\u00f6hnlichen Aufenthalts, ihres Arbeitsplatzes<br \/>oder des Orts des mutma\\u00dflichen Versto\\u00dfes zu. Das Beschwerderecht besteht unbeschadet anderweitiger<br \/>verwaltungsrechtlicher oder gerichtlicher Rechtsbehelfe.<br \/><strong>Recht auf Datenu\\u0308bertragbarkeit<\/strong><br \/>Sie haben das Recht, Daten, die wir auf Grundlage Ihrer Einwilligung oder in Erfu\\u0308llung eines Vertrags<br \/>automatisiert verarbeiten, an sich oder an einen Dritten in einem g\\u00e4ngigen, maschinenlesbaren Format<br \/>aush\\u00e4ndigen zu lassen. Sofern Sie die direkte \\u00dcbertragung der Daten an einen anderen Verantwortlichen<br \/>verlangen, erfolgt dies nur, soweit es technisch machbar ist.<br \/><strong>Auskunft, Berichtigung und L\\u00f6schung<\/strong><br \/>Sie haben im Rahmen der geltenden gesetzlichen Bestimmungen jederzeit das Recht auf unentgeltliche<br \/>Auskunft u\\u0308ber Ihre gespeicherten personenbezogenen Daten, deren Herkunft und Empf\\u00e4nger und den<br \/>Zweck der Datenverarbeitung und ggf. ein Recht auf Berichtigung oder L\\u00f6schung dieser Daten. Hierzu sowie<br \/>zu weiteren Fragen zum Thema personenbezogene Daten k\\u00f6nnen Sie sich jederzeit an uns wenden.<br \/><strong>Recht auf Einschr\\u00e4nkung der Verarbeitung<\/strong><br \/>Sie haben das Recht, die Einschr\\u00e4nkung der Verarbeitung Ihrer personenbezogenen Daten zu verlangen.<br \/>Hierzu k\\u00f6nnen Sie sich jederzeit an uns wenden. Das Recht auf Einschr\\u00e4nkung der Verarbeitung besteht in<br \/>folgenden F\\u00e4llen:<br \/>Wenn Sie die Richtigkeit Ihrer bei uns gespeicherten personenbezogenen Daten bestreiten, ben\\u00f6tigen wir<br \/>in der Regel Zeit, um dies zu u\\u0308berpru\\u0308fen. Fu\\u0308r die Dauer der Pru\\u0308fung haben Sie das Recht, die<br \/>Einschr\\u00e4nkung der Verarbeitung Ihrer personenbezogenen Daten zu verlangen.<br \/>Wenn die Verarbeitung Ihrer personenbezogenen Daten unrechtm\\u00e4\\u00dfig geschah\/geschieht, k\\u00f6nnen Sie statt der L\\u00f6schung die Einschr\\u00e4nkung der Datenverarbeitung verlangen.<br \/>Wenn wir Ihre personenbezogenen Daten nicht mehr ben\\u00f6tigen, Sie sie jedoch zur Ausu\\u0308bung,<br \/>Verteidigung oder Geltendmachung von Rechtsanspru\\u0308chen ben\\u00f6tigen, haben Sie das Recht, statt der<br \/>L\\u00f6schung die Einschr\\u00e4nkung der Verarbeitung Ihrer personenbezogenen Daten zu verlangen.<br \/>Wenn Sie einen Widerspruch nach Art. 21 Abs. 1 DSGVO eingelegt haben, muss eine Abw\\u00e4gung zwischen<br \/>Ihren und unseren Interessen vorgenommen werden. Solange noch nicht feststeht, wessen Interessen<br \/>u\\u0308berwiegen, haben Sie das Recht, die Einschr\\u00e4nkung der Verarbeitung Ihrer personenbezogenen Daten<br \/>zu verlangen.<br \/>Wenn Sie die Verarbeitung Ihrer personenbezogenen Daten eingeschr\\u00e4nkt haben, du\\u0308rfen diese Daten \\u2013 von<br \/>ihrer Speicherung abgesehen \\u2013 nur mit Ihrer Einwilligung oder zur Geltendmachung, Ausu\\u0308bung oder<br \/>Verteidigung von Rechtsanspru\\u0308chen oder zum Schutz der Rechte einer anderen natu\\u0308rlichen oder<br \/>juristischen Person oder aus Gru\\u0308nden eines wichtigen \\u00f6ffentlichen Interesses der Europ\\u00e4ischen Union oder<br \/>eines Mitgliedstaats verarbeitet werden.<br \/><strong>SSL- bzw. TLS-Verschlu\\u0308sselung<\/strong><br \/>Diese Seite nutzt aus Sicherheitsgru\\u0308nden und zum Schutz der \\u00dcbertragung vertraulicher Inhalte, wie zum<br \/>Beispiel Bestellungen oder Anfragen, die Sie an uns als Seitenbetreiber senden, eine SSL- bzw. TLSVerschlu\\u0308sselung.<br \/>Eine verschlu\\u0308sselte Verbindung erkennen Sie daran, dass die Adresszeile des Browsers von<br \/>\\u201ehttp:\/\/\\u201c auf \\u201ehttps:\/\/\\u201c wechselt und an dem Schloss-Symbol in Ihrer Browserzeile.<br \/>Wenn die SSL- bzw. TLS-Verschlu\\u0308sselung aktiviert ist, k\\u00f6nnen die Daten, die Sie an uns u\\u0308bermitteln, nicht<br \/>von Dritten mitgelesen werden.<br \/>Widerspruch gegen Werbe-E-Mails<br \/>Der Nutzung von im Rahmen der Impressumspflicht ver\\u00f6ffentlichten Kontaktdaten zur \\u00dcbersendung von<br \/>nicht ausdru\\u0308cklich angeforderter Werbung und Informationsmaterialien wird hiermit widersprochen. Die<br \/>Betreiber der Seiten behalten sich ausdru\\u0308cklich rechtliche Schritte im Falle der unverlangten Zusendung von<br \/>Werbeinformationen, etwa durch Spam-E-Mails, vor.<\/p>\\n<p><br \/><strong>4. Newsletter<\/strong><\/p>\\n<p><br \/><strong>Newsletterdaten<\/strong><br \/>Wenn Sie den auf der Website angebotenen Newsletter beziehen m\\u00f6chten, ben\\u00f6tigen wir von Ihnen eine EMail-<br \/>Adresse sowie Informationen, welche uns die \\u00dcberpru\\u0308fung gestatten, dass Sie der Inhaber der<br \/>angegebenen E-Mail-Adresse sind und mit dem Empfang des Newsletters einverstanden sind. Weitere<br \/>Daten werden nicht bzw. nur auf freiwilliger Basis erhoben. Diese Daten verwenden wir ausschlie\\u00dflich fu\\u0308r<br \/>den Versand der angeforderten Informationen und geben diese nicht an Dritte weiter.<br \/>Die Verarbeitung der in das Newsletteranmeldeformular eingegebenen Daten erfolgt ausschlie\\u00dflich auf<br \/>Grundlage Ihrer Einwilligung (Art. 6 Abs. 1 lit. a DSGVO). Die erteilte Einwilligung zur Speicherung der<br \/>Daten, der E-Mail-Adresse sowie deren Nutzung zum Versand des Newsletters k\\u00f6nnen Sie jederzeit<br \/>widerrufen, etwa u\\u0308ber den \\u201eAustragen\\u201c-Link im Newsletter. Die Rechtm\\u00e4\\u00dfigkeit der bereits erfolgten<br \/>Datenverarbeitungsvorg\\u00e4nge bleibt vom Widerruf unberu\\u0308hrt.<br \/>Die von Ihnen zum Zwecke des Newsletter-Bezugs bei uns hinterlegten Daten werden von uns bis zu Ihrer<br \/>Austragung aus dem Newsletter bei uns bzw. dem Newsletterdiensteanbieter gespeichert und nach der<br \/>Abbestellung des Newsletters oder nach Zweckfortfall aus der Newsletterverteilerliste gel\\u00f6scht. Wir<br \/>behalten uns vor, E-Mail-Adressen aus unserem Newsletterverteiler nach eigenem Ermessen im Rahmen<br \/>unseres berechtigten Interesses nach Art. 6 Abs. 1 lit. f DSGVO zu l\\u00f6schen oder zu sperren.<\/p>\\n<p>Daten, die zu anderen Zwecken bei uns gespeichert wurden, bleiben hiervon unberu\\u0308hrt.<br \/>Nach Ihrer Austragung aus der Newsletterverteilerliste wird Ihre E-Mail-Adresse bei uns bzw. dem<br \/>Newsletterdiensteanbieter ggf. in einer Blacklist gespeichert, sofern dies zur Verhinderung ku\\u0308nftiger<br \/>Mailings erforderlich ist. Die Daten aus der Blacklist werden nur fu\\u0308r diesen Zweck verwendet und nicht mit<br \/>anderen Daten zusammengefu\\u0308hrt. Dies dient sowohl Ihrem Interesse als auch unserem Interesse an der<br \/>Einhaltung der gesetzlichen Vorgaben beim Versand von Newslettern (berechtigtes Interesse im Sinne des<br \/>Art. 6 Abs. 1 lit. f DSGVO). Die Speicherung in der Blacklist ist zeitlich nicht befristet. Sie k\\u00f6nnen der<br \/>Speicherung widersprechen, sofern Ihre Interessen unser berechtigtes Interesse u\\u0308berwiegen.<br \/>Quelle:<br \/>https:\/\/www.e-recht24.de<\/p>\",\"align\":\"top\",\"row\":0,\"col\":9,\"colspan\":21,\"offsetx\":0,\"offsety\":0,\"spaceabove\":0,\"spacebelow\":0,\"yvel\":1,\"push\":9,\"relid\":2,\"absolute_position\":false}]}","phonegrid":"","_links":{"self":[{"href":"https:\/\/preggnant.com\/goldrausch\/26_kueseite_\/marie\/wp-json\/wp\/v2\/pages\/3","targetHints":{"allow":["GET"]}}],"collection":[{"href":"https:\/\/preggnant.com\/goldrausch\/26_kueseite_\/marie\/wp-json\/wp\/v2\/pages"}],"about":[{"href":"https:\/\/preggnant.com\/goldrausch\/26_kueseite_\/marie\/wp-json\/wp\/v2\/types\/page"}],"author":[{"embeddable":true,"href":"https:\/\/preggnant.com\/goldrausch\/26_kueseite_\/marie\/wp-json\/wp\/v2\/users\/1"}],"replies":[{"embeddable":true,"href":"https:\/\/preggnant.com\/goldrausch\/26_kueseite_\/marie\/wp-json\/wp\/v2\/comments?post=3"}],"version-history":[{"count":0,"href":"https:\/\/preggnant.com\/goldrausch\/26_kueseite_\/marie\/wp-json\/wp\/v2\/pages\/3\/revisions"}],"wp:attachment":[{"href":"https:\/\/preggnant.com\/goldrausch\/26_kueseite_\/marie\/wp-json\/wp\/v2\/media?parent=3"}],"curies":[{"name":"wp","href":"https:\/\/api.w.org\/{rel}","templated":true}]}}